{"id":83,"date":"2021-04-30T23:49:00","date_gmt":"2021-04-30T21:49:00","guid":{"rendered":"https:\/\/rosenbauer.de\/order\/zahlungsweisen\/"},"modified":"2025-01-11T13:52:07","modified_gmt":"2025-01-11T12:52:07","slug":"zahlungsweisen","status":"publish","type":"page","link":"https:\/\/rosenbauer.de\/order\/zahlungsweisen\/","title":{"rendered":"Zahlungsweisen"},"content":{"rendered":"<p><strong>Zahlungsarten<\/strong><\/p>\n<p>Wir bieten Ihnen folgende Zahlungsarten an. Suchen Sie sich einfach die f\u00fcr Sie optimale Zahlart aus. Die rechtsg\u00fcltige Rechnung erhalten Sie per E-Mail im PDF-Format.<\/p>\n<p><em>Bank\u00fcberweisung<\/em><\/p>\n<p>Bitte \u00fcberweisen Sie den Gesamtbetrag Ihrer Bestellung auf unser Konto. Die Bankverbindung wird Ihnen nach Ihrer Bestellung mitgeteilt.<\/p>\n<p><em>Kreditkarte<\/em><\/p>\n<p>Wir ziehen den Rechnungsbetrag Ihrer Bestellung von Ihrer hinterlegten Kreditkarte nach der get\u00e4tigten Bestellung ein. Sichere Abwicklung via PayPal PLUS. Sie ben\u00f6tigen hierf\u00fcr kein PayPal-Konto.<\/p>\n<p><strong>Hinweis zu den angef\u00fchrten Preisen<\/strong><\/p>\n<p>Die in den jeweiligen Angeboten angef\u00fchrten Preise stellen Endpreise dar. Sie beinhalten alle Preisbestandteile einschlie\u00dflich etwaig anfallender Steuern wie Mehrwertsteuer. Nur bei grenz\u00fcberschreitender Lieferung k\u00f6nnen im Einzelfall weitere Steuern (z. B. im Falle eines innergemeinschaftlichen Erwerbs) und\/oder Abgaben (z. B. Z\u00f6lle) von Ihnen zu zahlen sein, jedoch nicht an den Verk\u00e4ufer, sondern an die dort zust\u00e4ndigen Zoll- bzw. Steuerbeh\u00f6rden.<\/p>\n","protected":false},"excerpt":{"rendered":"<p>Zahlungsarten Wir bieten Ihnen folgende Zahlungsarten an. Suchen Sie sich einfach die f\u00fcr Sie optimale Zahlart aus. Die rechtsg\u00fcltige Rechnung erhalten Sie per E-Mail im PDF-Format. Bank\u00fcberweisung Bitte \u00fcberweisen Sie den Gesamtbetrag Ihrer Bestellung auf unser Konto. Die Bankverbindung wird Ihnen nach Ihrer Bestellung mitgeteilt. Kreditkarte Wir ziehen den Rechnungsbetrag Ihrer Bestellung von Ihrer hinterlegten [&hellip;]<\/p>\n","protected":false},"author":1,"featured_media":0,"parent":0,"menu_order":0,"comment_status":"closed","ping_status":"closed","template":"","meta":{"footnotes":""},"class_list":["post-83","page","type-page","status-publish","hentry"],"_links":{"self":[{"href":"https:\/\/rosenbauer.de\/order\/wp-json\/wp\/v2\/pages\/83","targetHints":{"allow":["GET"]}}],"collection":[{"href":"https:\/\/rosenbauer.de\/order\/wp-json\/wp\/v2\/pages"}],"about":[{"href":"https:\/\/rosenbauer.de\/order\/wp-json\/wp\/v2\/types\/page"}],"author":[{"embeddable":true,"href":"https:\/\/rosenbauer.de\/order\/wp-json\/wp\/v2\/users\/1"}],"replies":[{"embeddable":true,"href":"https:\/\/rosenbauer.de\/order\/wp-json\/wp\/v2\/comments?post=83"}],"version-history":[{"count":0,"href":"https:\/\/rosenbauer.de\/order\/wp-json\/wp\/v2\/pages\/83\/revisions"}],"wp:attachment":[{"href":"https:\/\/rosenbauer.de\/order\/wp-json\/wp\/v2\/media?parent=83"}],"curies":[{"name":"wp","href":"https:\/\/api.w.org\/{rel}","templated":true}]}}